{"id":1248,"date":"2022-02-07T13:38:16","date_gmt":"2022-02-07T13:38:16","guid":{"rendered":"https:\/\/gsh-kurse.de\/?page_id=1248"},"modified":"2022-02-07T13:38:16","modified_gmt":"2022-02-07T13:38:16","slug":"themenkurs-wuenschen","status":"publish","type":"page","link":"https:\/\/gsh-kurse.de\/?page_id=1248","title":{"rendered":"Themenkurs w\u00fcnschen!"},"content":{"rendered":"<p>Bitte ignorieren Sie das angegebene Datum &#8211; es handelt sich hierbei um eine Abfragem\u00f6glichkeit f\u00fcr W\u00fcnsche zu Themenkursen.<\/p>\n<p><iframe loading=\"lazy\" id=\"62011bcf4bc279292929a28a\" class=\"yolawo-widget\" src=\"https:\/\/widgets.yolawo.de\/w\/62011bcf4bc279292929a28a\" width=\"100%\" height=\"150\" frameborder=\"0\" scrolling=\"no\" data-offset-x=\"50\"><\/iframe><script type=\"text\/javascript\" src=\"https:\/\/widgets.yolawo.de\/assets\/script.js\"><\/script><\/p>\n","protected":false},"excerpt":{"rendered":"<p>Bitte ignorieren Sie das angegebene Datum &#8211; es handelt sich hierbei um eine Abfragem\u00f6glichkeit f\u00fcr W\u00fcnsche zu Themenkursen.<\/p>\n","protected":false},"author":1,"featured_media":0,"parent":0,"menu_order":0,"comment_status":"closed","ping_status":"closed","template":"","meta":{"footnotes":""},"class_list":["post-1248","page","type-page","status-publish","czr-hentry"],"_links":{"self":[{"href":"https:\/\/gsh-kurse.de\/index.php?rest_route=\/wp\/v2\/pages\/1248","targetHints":{"allow":["GET"]}}],"collection":[{"href":"https:\/\/gsh-kurse.de\/index.php?rest_route=\/wp\/v2\/pages"}],"about":[{"href":"https:\/\/gsh-kurse.de\/index.php?rest_route=\/wp\/v2\/types\/page"}],"author":[{"embeddable":true,"href":"https:\/\/gsh-kurse.de\/index.php?rest_route=\/wp\/v2\/users\/1"}],"replies":[{"embeddable":true,"href":"https:\/\/gsh-kurse.de\/index.php?rest_route=%2Fwp%2Fv2%2Fcomments&post=1248"}],"version-history":[{"count":1,"href":"https:\/\/gsh-kurse.de\/index.php?rest_route=\/wp\/v2\/pages\/1248\/revisions"}],"predecessor-version":[{"id":1249,"href":"https:\/\/gsh-kurse.de\/index.php?rest_route=\/wp\/v2\/pages\/1248\/revisions\/1249"}],"wp:attachment":[{"href":"https:\/\/gsh-kurse.de\/index.php?rest_route=%2Fwp%2Fv2%2Fmedia&parent=1248"}],"curies":[{"name":"wp","href":"https:\/\/api.w.org\/{rel}","templated":true}]}}