{"id":1521,"date":"2025-01-29T11:40:19","date_gmt":"2025-01-29T11:40:19","guid":{"rendered":"https:\/\/gsh-kurse.de\/?page_id=1521"},"modified":"2025-01-29T11:40:19","modified_gmt":"2025-01-29T11:40:19","slug":"sprachfoerderung","status":"publish","type":"page","link":"https:\/\/gsh-kurse.de\/?page_id=1521","title":{"rendered":"Sprachf\u00f6rderung"},"content":{"rendered":"<p>Bitte verwenden Sie das aufklappende Men\u00fc, um im Bereich der Sprachf\u00f6rderung zu navigieren.<\/p>\n","protected":false},"excerpt":{"rendered":"<p>Bitte verwenden Sie das aufklappende Men\u00fc, um im Bereich der Sprachf\u00f6rderung zu navigieren.<\/p>\n","protected":false},"author":1,"featured_media":0,"parent":0,"menu_order":0,"comment_status":"closed","ping_status":"closed","template":"","meta":{"footnotes":""},"class_list":["post-1521","page","type-page","status-publish","czr-hentry"],"_links":{"self":[{"href":"https:\/\/gsh-kurse.de\/index.php?rest_route=\/wp\/v2\/pages\/1521","targetHints":{"allow":["GET"]}}],"collection":[{"href":"https:\/\/gsh-kurse.de\/index.php?rest_route=\/wp\/v2\/pages"}],"about":[{"href":"https:\/\/gsh-kurse.de\/index.php?rest_route=\/wp\/v2\/types\/page"}],"author":[{"embeddable":true,"href":"https:\/\/gsh-kurse.de\/index.php?rest_route=\/wp\/v2\/users\/1"}],"replies":[{"embeddable":true,"href":"https:\/\/gsh-kurse.de\/index.php?rest_route=%2Fwp%2Fv2%2Fcomments&post=1521"}],"version-history":[{"count":1,"href":"https:\/\/gsh-kurse.de\/index.php?rest_route=\/wp\/v2\/pages\/1521\/revisions"}],"predecessor-version":[{"id":1522,"href":"https:\/\/gsh-kurse.de\/index.php?rest_route=\/wp\/v2\/pages\/1521\/revisions\/1522"}],"wp:attachment":[{"href":"https:\/\/gsh-kurse.de\/index.php?rest_route=%2Fwp%2Fv2%2Fmedia&parent=1521"}],"curies":[{"name":"wp","href":"https:\/\/api.w.org\/{rel}","templated":true}]}}