{"id":26,"date":"2015-07-09T18:26:34","date_gmt":"2015-07-09T18:26:34","guid":{"rendered":"http:\/\/gsh-kurse.de\/?page_id=26"},"modified":"2026-04-01T16:17:03","modified_gmt":"2026-04-01T16:17:03","slug":"startseite","status":"publish","type":"page","link":"https:\/\/gsh-kurse.de\/","title":{"rendered":"Startseite"},"content":{"rendered":"<h1 style=\"text-align: center;\"><strong>Willkommen auf der Seite GSH-Kurse.de!<\/strong><\/h1>\n<hr \/>\n<p><span style=\"color: #0000ff;\"><span style=\"color: #000000;\">Hier k\u00f6nnen Sie aus unserem Kurs-Angebot aus dem Bereich der F\u00f6rderung w\u00e4hlen. W\u00e4hlen Sie dazu im Men\u00fc oben den gew\u00fcnschten Bereich &#8211; diesen haben Sie im Lernentwicklungsgespr\u00e4ch mit der Klassenleitung besprochen. Zudem finden Sie den Hinweis auf dem Bogen, den Sie von der Klassenleitung mit den Informationen zur Online-Wahl erhalten haben.<\/span><strong><br \/>\n<\/strong><\/span><\/p>\n<p>\n<table id=\"tablepress-1\" class=\"tablepress tablepress-id-1\">\n<thead>\n<tr class=\"row-1\">\n\t<td class=\"column-1\"><\/td><th class=\"column-2\"><strong>Lernf\u00f6rderung<\/strong><\/th><th class=\"column-3\">Sprachf\u00f6rderung<strong><\/th>\n<\/tr>\n<\/thead>\n<tbody class=\"row-striping row-hover\">\n<tr class=\"row-2\">\n\t<td class=\"column-1\">Kursstart<\/td><td class=\"column-2\">Mittwoch, 18.03.2026<\/td><td class=\"column-3\">Termin folgt.<\/td>\n<\/tr>\n<tr class=\"row-3\">\n\t<td class=\"column-1\">Kurswahl<\/td><td class=\"column-2\">Im Men\u00fc unter \"Lernf\u00f6rderung\" oder hier <a href=\"https:\/\/gsh-kurse.de\/?page_id=393\">Kurswahl<\/a>.<\/td><td class=\"column-3\">Im Men\u00fc unter Sprachf\u00f6rderung oder <a href=\"https:\/\/gsh-kurse.de\/?page_id=1521\">hier<\/a>.<\/td>\n<\/tr>\n<tr class=\"row-4\">\n\t<td class=\"column-1\">Ansprechpartner<\/td><td class=\"column-2\">Koordinator:<br \/>\nMirko von Leitner<br \/>\nmirko.vonleitner@goethe-schule-harburg.de<\/td><td class=\"column-3\">Koordinatorin:<br \/>\nDeborah Glockner<br \/>\ndeborah.glockner@goethe-schule-harburg.de<br \/>\n<\/td>\n<\/tr>\n<tr class=\"row-5\">\n\t<td class=\"column-1\"><\/td><td class=\"column-2\"><\/td><td class=\"column-3\"><\/td>\n<\/tr>\n<\/tbody>\n<\/table>\n<!-- #tablepress-1 from cache --><span style=\"color: #0000ff;\"><strong>\u00a0<\/strong><\/span><\/p>\n<ul>\n<li>Die <strong>Raum\u00fcbersicht<\/strong> zu allen Angeboten aus der Lernf\u00f6rderung finden Sie nach Einrichtung weiter unten auf dieser Seite.<\/li>\n<li>Beachten Sie hierzu bitte auch die Hinweise im Anschreiben, welches Sie im Lernentwicklungsgespr\u00e4ch von der Klassenleitung Ihres Kindes zusammen mit der zu unterschreibenden Lernvereinbarung ausgeh\u00e4ndigt bekommen.<\/li>\n<\/ul>\n<p><span style=\"color: #993366;\"><strong>Raumplan<br \/>\n<\/strong><span style=\"color: #000000;\">Hinweis: \u00c4nderungen am Raumplan sind m\u00f6glich; diese werden in das Buchungssystem von Yolawo ebenfalls eingepflegt.<br \/>\nTagesaktuelle Informationen zu R\u00e4umen und m\u00f6glichen Kursausf\u00e4llen finden Sie und Ihre Kinder immer bei WebUntis im Informations-Fenster.<\/span><\/span><\/p>\n<hr \/>\n<a href=\"https:\/\/gsh-kurse.de\/wp-content\/uploads\/2026\/03\/Plan-HJ2-ab-30032026.pdf\" class=\"pdfemb-viewer\" style=\"\" data-width=\"max\" data-height=\"max\" data-toolbar=\"bottom\" data-toolbar-fixed=\"off\">Plan HJ2 ab 30032026<\/a>\n","protected":false},"excerpt":{"rendered":"<p>Willkommen auf der Seite GSH-Kurse.de! Hier k\u00f6nnen Sie aus unserem Kurs-Angebot aus dem Bereich der F\u00f6rderung w\u00e4hlen. W\u00e4hlen Sie dazu im Men\u00fc oben den gew\u00fcnschten Bereich &#8211; diesen haben Sie im Lernentwicklungsgespr\u00e4ch mit der Klassenleitung besprochen. Zudem finden Sie den Hinweis auf dem Bogen, den Sie von der Klassenleitung mit den Informationen zur Online-Wahl erhalten [&hellip;]<\/p>\n","protected":false},"author":1,"featured_media":0,"parent":0,"menu_order":0,"comment_status":"closed","ping_status":"closed","template":"","meta":{"footnotes":""},"class_list":["post-26","page","type-page","status-publish","czr-hentry"],"_links":{"self":[{"href":"https:\/\/gsh-kurse.de\/index.php?rest_route=\/wp\/v2\/pages\/26","targetHints":{"allow":["GET"]}}],"collection":[{"href":"https:\/\/gsh-kurse.de\/index.php?rest_route=\/wp\/v2\/pages"}],"about":[{"href":"https:\/\/gsh-kurse.de\/index.php?rest_route=\/wp\/v2\/types\/page"}],"author":[{"embeddable":true,"href":"https:\/\/gsh-kurse.de\/index.php?rest_route=\/wp\/v2\/users\/1"}],"replies":[{"embeddable":true,"href":"https:\/\/gsh-kurse.de\/index.php?rest_route=%2Fwp%2Fv2%2Fcomments&post=26"}],"version-history":[{"count":254,"href":"https:\/\/gsh-kurse.de\/index.php?rest_route=\/wp\/v2\/pages\/26\/revisions"}],"predecessor-version":[{"id":1585,"href":"https:\/\/gsh-kurse.de\/index.php?rest_route=\/wp\/v2\/pages\/26\/revisions\/1585"}],"wp:attachment":[{"href":"https:\/\/gsh-kurse.de\/index.php?rest_route=%2Fwp%2Fv2%2Fmedia&parent=26"}],"curies":[{"name":"wp","href":"https:\/\/api.w.org\/{rel}","templated":true}]}}