{"id":36,"date":"2015-07-09T18:37:54","date_gmt":"2015-07-09T18:37:54","guid":{"rendered":"http:\/\/gsh-kurse.de\/?page_id=36"},"modified":"2024-09-01T13:22:18","modified_gmt":"2024-09-01T13:22:18","slug":"foerdervertrag","status":"publish","type":"page","link":"https:\/\/gsh-kurse.de\/?page_id=36","title":{"rendered":"F\u00f6rdervereinbarung"},"content":{"rendered":"<p>&nbsp;<\/p>\n<p>Die <strong>Lern- und F\u00f6rdervereinbarung<\/strong> ist das von der Beh\u00f6rde f\u00fcr Schule und Berufsbildung vorgegebene Formblatt, um die F\u00f6rderbedarfe nach \u00a745 zu dokumentieren und F\u00f6rderma\u00dfnahmen zu vereinbaren.<\/p>\n<p>Die Klassenleitung Ihres Kindes wird dieses Formular im Rahmen der Lernentwicklungsgespr\u00e4che zusammen mit Ihnen durchgehen und gemeinsam ausf\u00fcllen.<br \/>\nDas Formular ist mit Hilfen und Erkl\u00e4rungen zum Ausf\u00fcllen versehen.<br \/>\nBitte denken Sie daran, diese Vereinbarung zu unterschreiben.<\/p>\n<p>Da wir zur\u00a0Dokumentation der F\u00f6rderbedarfe verpflichtet sind, ben\u00f6tigen wir das Formular auch unterschrieben zur\u00fcck, wenn Sie sich gegen das F\u00f6rderangebot der GSH entscheiden, und F\u00f6rderung au\u00dferhalb \/ eigenst\u00e4ndig organisieren m\u00f6chten.<\/p>\n<p>&nbsp;<\/p>\n","protected":false},"excerpt":{"rendered":"<p>&nbsp; Die Lern- und F\u00f6rdervereinbarung ist das von der Beh\u00f6rde f\u00fcr Schule und Berufsbildung vorgegebene Formblatt, um die F\u00f6rderbedarfe nach \u00a745 zu dokumentieren und F\u00f6rderma\u00dfnahmen zu vereinbaren. Die Klassenleitung Ihres Kindes wird dieses Formular im Rahmen der Lernentwicklungsgespr\u00e4che zusammen mit Ihnen durchgehen und gemeinsam ausf\u00fcllen. Das Formular ist mit Hilfen und Erkl\u00e4rungen zum Ausf\u00fcllen versehen. [&hellip;]<\/p>\n","protected":false},"author":1,"featured_media":0,"parent":0,"menu_order":0,"comment_status":"closed","ping_status":"closed","template":"","meta":{"footnotes":""},"class_list":["post-36","page","type-page","status-publish","czr-hentry"],"_links":{"self":[{"href":"https:\/\/gsh-kurse.de\/index.php?rest_route=\/wp\/v2\/pages\/36","targetHints":{"allow":["GET"]}}],"collection":[{"href":"https:\/\/gsh-kurse.de\/index.php?rest_route=\/wp\/v2\/pages"}],"about":[{"href":"https:\/\/gsh-kurse.de\/index.php?rest_route=\/wp\/v2\/types\/page"}],"author":[{"embeddable":true,"href":"https:\/\/gsh-kurse.de\/index.php?rest_route=\/wp\/v2\/users\/1"}],"replies":[{"embeddable":true,"href":"https:\/\/gsh-kurse.de\/index.php?rest_route=%2Fwp%2Fv2%2Fcomments&post=36"}],"version-history":[{"count":16,"href":"https:\/\/gsh-kurse.de\/index.php?rest_route=\/wp\/v2\/pages\/36\/revisions"}],"predecessor-version":[{"id":1499,"href":"https:\/\/gsh-kurse.de\/index.php?rest_route=\/wp\/v2\/pages\/36\/revisions\/1499"}],"wp:attachment":[{"href":"https:\/\/gsh-kurse.de\/index.php?rest_route=%2Fwp%2Fv2%2Fmedia&parent=36"}],"curies":[{"name":"wp","href":"https:\/\/api.w.org\/{rel}","templated":true}]}}