{"id":38,"date":"2015-07-09T18:39:21","date_gmt":"2015-07-09T18:39:21","guid":{"rendered":"http:\/\/gsh-kurse.de\/?page_id=38"},"modified":"2024-09-01T13:21:57","modified_gmt":"2024-09-01T13:21:57","slug":"faqs","status":"publish","type":"page","link":"https:\/\/gsh-kurse.de\/?page_id=38","title":{"rendered":"FAQ&#8217;s"},"content":{"rendered":"<p>Wir geben hier kurz und knapp Antworten auf die am h\u00e4ufigsten an uns gerichteten Fragen &#8211; Sie finden diese auch auf dem Anschreiben, welches Sie im Lernentwicklungsgespr\u00e4ch zusammen mit der Lernvereinbarung von der Klassenleitung Ihres Kindes erhalten haben:<\/p>\n<ol>\n<li><span style=\"color: #333399;\"><strong>Fehlzeiten<\/strong><\/span><br \/>\nDie F\u00f6rderkurse gelten bei abgeschlossenem F\u00f6rdervertrag f\u00fcr das Halbjahr als verbindlich. Bei Fehlzeiten in den F\u00f6rderkursen erfolgt die Entschuldigung dieser wie f\u00fcr die Fehlzeiten im regul\u00e4ren Unterricht auch \u00fcber den Schulplaner Ihres Kindes. Die Entschuldigungen sind innerhalb von 2 Wochen bei der Kursleitung vorzulegen, die daraufhin ihre Anwesenheitslisten aktualisiert.<\/li>\n<li><span style=\"color: #800080;\"><strong>Kontakt mit Kursleitungen<\/strong><\/span><br \/>\nM\u00f6chten Sie mit Kursleitungen in Kontakt treten, wenden Sie sich bitte an Herrn von Leitner unter foerderkurse@goethe-schule-harburg.de bzw. verwenden Sie das Kontaktformular f\u00fcr Ihre Anfrage. Herr von Leitner wird die Anfragen an die Kursleitungen weiterleiten<\/li>\n<li><span style=\"color: #ff0000;\"><strong>Abmeldungen \/ Ummeldungen<\/strong><\/span><br \/>\nSollten Sie Ihr Kind von einem bereits gew\u00e4hlten Kurs abmelden (und ggf. einen anderen Kurs neu w\u00e4hlen) wollen, so senden Sie uns bitte eine kurze Nachricht \u00fcber das Kontaktformular, per Mail an <a href=\"mailto:foerderkurse@goethe-schule-harburg.de\">foerderkurse@goethe-schule-harburg.de<\/a> oder rufen Sie an unter 040 &#8211; 428871-260.<br \/>\nWir hoffen, dass Sie unsere Entscheidung, eine eigenst\u00e4ndige Abmeldung \u00fcber die Kurswahlplattform nicht anzubieten, nachvollziehen k\u00f6nnen, um ungerechtfertigte Selbst-Abmeldungen durch Sch\u00fcler nach M\u00f6glichkeit auszuschlie\u00dfen.<\/li>\n<\/ol>\n<p>Dieser Fragenkatalog wird laufend erweitert.<\/p>\n","protected":false},"excerpt":{"rendered":"<p>Wir geben hier kurz und knapp Antworten auf die am h\u00e4ufigsten an uns gerichteten Fragen &#8211; Sie finden diese auch auf dem Anschreiben, welches Sie im Lernentwicklungsgespr\u00e4ch zusammen mit der Lernvereinbarung von der Klassenleitung Ihres Kindes erhalten haben: Fehlzeiten Die F\u00f6rderkurse gelten bei abgeschlossenem F\u00f6rdervertrag f\u00fcr das Halbjahr als verbindlich. Bei Fehlzeiten in den F\u00f6rderkursen [&hellip;]<\/p>\n","protected":false},"author":1,"featured_media":0,"parent":0,"menu_order":0,"comment_status":"closed","ping_status":"closed","template":"","meta":{"footnotes":""},"class_list":["post-38","page","type-page","status-publish","czr-hentry"],"_links":{"self":[{"href":"https:\/\/gsh-kurse.de\/index.php?rest_route=\/wp\/v2\/pages\/38","targetHints":{"allow":["GET"]}}],"collection":[{"href":"https:\/\/gsh-kurse.de\/index.php?rest_route=\/wp\/v2\/pages"}],"about":[{"href":"https:\/\/gsh-kurse.de\/index.php?rest_route=\/wp\/v2\/types\/page"}],"author":[{"embeddable":true,"href":"https:\/\/gsh-kurse.de\/index.php?rest_route=\/wp\/v2\/users\/1"}],"replies":[{"embeddable":true,"href":"https:\/\/gsh-kurse.de\/index.php?rest_route=%2Fwp%2Fv2%2Fcomments&post=38"}],"version-history":[{"count":7,"href":"https:\/\/gsh-kurse.de\/index.php?rest_route=\/wp\/v2\/pages\/38\/revisions"}],"predecessor-version":[{"id":1498,"href":"https:\/\/gsh-kurse.de\/index.php?rest_route=\/wp\/v2\/pages\/38\/revisions\/1498"}],"wp:attachment":[{"href":"https:\/\/gsh-kurse.de\/index.php?rest_route=%2Fwp%2Fv2%2Fmedia&parent=38"}],"curies":[{"name":"wp","href":"https:\/\/api.w.org\/{rel}","templated":true}]}}