{"id":424,"date":"2016-02-09T19:14:31","date_gmt":"2016-02-09T19:14:31","guid":{"rendered":"http:\/\/gsh-kurse.de\/?page_id=424"},"modified":"2024-09-01T13:20:40","modified_gmt":"2024-09-01T13:20:40","slug":"abmeldungen","status":"publish","type":"page","link":"https:\/\/gsh-kurse.de\/?page_id=424","title":{"rendered":"Abmeldungen"},"content":{"rendered":"<p><span style=\"color: #ff0000;\"><strong>Abmeldungen \/ Ummeldungen:<\/strong><\/span><\/p>\n<ul>\n<li>Sollten Sie Ihr Kind von einem bereits gew\u00e4hlten Kurs abmelden (und ggf. einen anderen Kurs neu w\u00e4hlen) wollen, so senden Sie uns bitte eine kurze Nachricht \u00fcber das Kontaktformular, per Mail an <a href=\"mailto:foerderkurse@goethe-schule-harburg.de\">foerderkurse@goethe-schule-harburg.de<\/a> oder rufen Sie an unter 040 &#8211; 428871-260.<\/li>\n<li>Selbstverst\u00e4ndlich k\u00f6nnen Sie Ihre Nachricht auch \u00fcber den Schulplaner kommunizieren.<\/li>\n<li>Sollten Sie eine Buchungsbest\u00e4tigung unserer Buchungsplattform Yolawo bekommen haben, k\u00f6nnen Sie mit Hilfe des Links in der Mail Stornierungen oder Umbuchungen vornehmen.<\/li>\n<\/ul>\n","protected":false},"excerpt":{"rendered":"<p>Abmeldungen \/ Ummeldungen: Sollten Sie Ihr Kind von einem bereits gew\u00e4hlten Kurs abmelden (und ggf. einen anderen Kurs neu w\u00e4hlen) wollen, so senden Sie uns bitte eine kurze Nachricht \u00fcber das Kontaktformular, per Mail an foerderkurse@goethe-schule-harburg.de oder rufen Sie an unter 040 &#8211; 428871-260. Selbstverst\u00e4ndlich k\u00f6nnen Sie Ihre Nachricht auch \u00fcber den Schulplaner kommunizieren. Sollten [&hellip;]<\/p>\n","protected":false},"author":1,"featured_media":0,"parent":0,"menu_order":0,"comment_status":"closed","ping_status":"closed","template":"","meta":{"footnotes":""},"class_list":["post-424","page","type-page","status-publish","czr-hentry"],"_links":{"self":[{"href":"https:\/\/gsh-kurse.de\/index.php?rest_route=\/wp\/v2\/pages\/424","targetHints":{"allow":["GET"]}}],"collection":[{"href":"https:\/\/gsh-kurse.de\/index.php?rest_route=\/wp\/v2\/pages"}],"about":[{"href":"https:\/\/gsh-kurse.de\/index.php?rest_route=\/wp\/v2\/types\/page"}],"author":[{"embeddable":true,"href":"https:\/\/gsh-kurse.de\/index.php?rest_route=\/wp\/v2\/users\/1"}],"replies":[{"embeddable":true,"href":"https:\/\/gsh-kurse.de\/index.php?rest_route=%2Fwp%2Fv2%2Fcomments&post=424"}],"version-history":[{"count":6,"href":"https:\/\/gsh-kurse.de\/index.php?rest_route=\/wp\/v2\/pages\/424\/revisions"}],"predecessor-version":[{"id":1496,"href":"https:\/\/gsh-kurse.de\/index.php?rest_route=\/wp\/v2\/pages\/424\/revisions\/1496"}],"wp:attachment":[{"href":"https:\/\/gsh-kurse.de\/index.php?rest_route=%2Fwp%2Fv2%2Fmedia&parent=424"}],"curies":[{"name":"wp","href":"https:\/\/api.w.org\/{rel}","templated":true}]}}